{"id":1591,"date":"2025-10-10T13:12:32","date_gmt":"2025-10-10T13:12:32","guid":{"rendered":"https:\/\/centepelat.com\/?page_id=1591"},"modified":"2025-10-10T13:12:32","modified_gmt":"2025-10-10T13:12:32","slug":"contactar-nos","status":"publish","type":"page","link":"https:\/\/centepelat.com\/?page_id=1591","title":{"rendered":"Contactar-nos"},"content":{"rendered":"<p>\n    Este s\u00edtio Web \u00e9 propriedade da Centepelat LDA. Esfor\u00e7amo-nos por fornecer informa\u00e7\u00f5es relevantes e \u00fateis aos nossos utilizadores.<br \/>\n    <br \/>\n    Nome da empresa: Centepelat LDA<br \/>\n    <br \/>\n    Endere\u00e7o legal: Av. dos Bons Amigos 45, 2735-077 Agualva-Cac\u00e9m, Portugal<br \/>\n    <br \/>\n    Correio eletr\u00f3nico: in<br \/>\n    <a href=\"mailto:info@centepelat.com\">info@centepelat.com<\/a><br \/>\n    <br \/>\n    Telefone:<br \/>\n    <a href=\"tel:+351308380028\">+351308380028<\/a><br \/>\n    <br \/>\n    Diretor-geral: Alexandre Casado<br \/>\n    <br \/>\n    N\u00famero de registo: 839389938<br \/>\n    <br \/>\n    Nome da autoridade de registo: Alexandra Martins &#8211; Solicitadora<br \/>\n    <br \/>\n    Endere\u00e7o da autoridade de registo: R. do Olival 6 R\/C Esq, 2735-303 Agualva-Cac\u00e9m,, Portugal\n<\/p>\n<p>\n    <b>Responsabilidade pelo conte\u00fado:<\/b><br \/>\n    <br \/>\n    N\u00e3o somos respons\u00e1veis pelo conte\u00fado das liga\u00e7\u00f5es a s\u00edtios Web de terceiros que possam estar dispon\u00edveis no nosso s\u00edtio Web. Toda a responsabilidade pelo conte\u00fado dessas hiperliga\u00e7\u00f5es recai sobre os respetivos propriet\u00e1rios. N\u00e3o nos responsabilizamos por quaisquer danos, diretos ou indiretos, decorrentes da utiliza\u00e7\u00e3o das informa\u00e7\u00f5es fornecidas no nosso s\u00edtio.\n<\/p>\n<p>\n    <b>Direitos de autor:<\/b><br \/>\n    <br \/>\n    Todo o material do nosso s\u00edtio Web, incluindo texto, imagens, gr\u00e1ficos, design e software, est\u00e1 protegido por direitos de autor. A sua utiliza\u00e7\u00e3o ou distribui\u00e7\u00e3o sem a autoriza\u00e7\u00e3o do detentor dos direitos de autor \u00e9 proibida.\n<\/p>\n<p>\n    <b>Informa\u00e7\u00f5es de contato:<\/b><br \/>\n    <br \/>\n    Se tiver quaisquer quest\u00f5es ou coment\u00e1rios sobre o nosso s\u00edtio Web ou a nossa empresa, contacte-nos utilizando as informa\u00e7\u00f5es de contacto indicadas acima.\n<\/p>\n<p>\n    <b>Pol\u00edtica de privacidade:<\/b><br \/>\n    <br \/>\n    Respeitamos a sua privacidade e protegemos as suas informa\u00e7\u00f5es pessoais. Para mais informa\u00e7\u00f5es, consulte a nossa pol\u00edtica de privacidade.<\/p>\n","protected":false},"excerpt":{"rendered":"<p>Este s\u00edtio Web \u00e9 propriedade da Centepelat LDA. Esfor\u00e7amo-nos por fornecer informa\u00e7\u00f5es relevantes e \u00fateis aos nossos utilizadores. Nome da empresa: Centepelat LDA Endere\u00e7o legal: Av. dos Bons Amigos 45,&hellip;<\/p>\n","protected":false},"author":1,"featured_media":0,"parent":0,"menu_order":0,"comment_status":"closed","ping_status":"closed","template":"","meta":{"footnotes":""},"class_list":["post-1591","page","type-page","status-publish","hentry"],"_links":{"self":[{"href":"https:\/\/centepelat.com\/index.php?rest_route=\/wp\/v2\/pages\/1591","targetHints":{"allow":["GET"]}}],"collection":[{"href":"https:\/\/centepelat.com\/index.php?rest_route=\/wp\/v2\/pages"}],"about":[{"href":"https:\/\/centepelat.com\/index.php?rest_route=\/wp\/v2\/types\/page"}],"author":[{"embeddable":true,"href":"https:\/\/centepelat.com\/index.php?rest_route=\/wp\/v2\/users\/1"}],"replies":[{"embeddable":true,"href":"https:\/\/centepelat.com\/index.php?rest_route=%2Fwp%2Fv2%2Fcomments&post=1591"}],"version-history":[{"count":1,"href":"https:\/\/centepelat.com\/index.php?rest_route=\/wp\/v2\/pages\/1591\/revisions"}],"predecessor-version":[{"id":1592,"href":"https:\/\/centepelat.com\/index.php?rest_route=\/wp\/v2\/pages\/1591\/revisions\/1592"}],"wp:attachment":[{"href":"https:\/\/centepelat.com\/index.php?rest_route=%2Fwp%2Fv2%2Fmedia&parent=1591"}],"curies":[{"name":"wp","href":"https:\/\/api.w.org\/{rel}","templated":true}]}}